{"id":2080,"date":"2022-05-03T08:29:16","date_gmt":"2022-05-03T08:29:16","guid":{"rendered":"https:\/\/www.esig.org\/newsletters\/?page_id=2080"},"modified":"2022-11-21T15:27:42","modified_gmt":"2022-11-21T15:27:42","slug":"esig-chatter","status":"publish","type":"page","link":"https:\/\/www.esig.org\/newsletters\/2022\/summer\/esig-chatter\/","title":{"rendered":"2022 Summer : ESIG Chatter"},"content":{"rendered":"<p>[et_pb_section fb_built=&#8221;1&#8243; _builder_version=&#8221;4.9.4&#8243; _module_preset=&#8221;default&#8221; background_color=&#8221;RGBA(0,0,0,0)&#8221; z_index=&#8221;1&#8243; min_height=&#8221;100vh&#8221; custom_padding=&#8221;|0px||0px|true|false&#8221;][et_pb_row column_structure=&#8221;1_2,1_2&#8243; admin_label=&#8221;Arrows&#8221; module_class=&#8221;navArrows&#8221; _builder_version=&#8221;4.9.4&#8243; _module_preset=&#8221;default&#8221; background_color=&#8221;#412e68&#8243; positioning=&#8221;fixed&#8221; position_origin_f=&#8221;bottom_right&#8221; vertical_offset=&#8221;25px&#8221; horizontal_offset=&#8221;25px&#8221; z_index=&#8221;100&#8243; width=&#8221;132px&#8221; height=&#8221;66px&#8221; custom_padding=&#8221;0px|10px|0px|10px|true|true&#8221; custom_css_main_element=&#8221;display: flex;&#8221; border_radii=&#8221;on|40px|40px|40px|40px&#8221; saved_tabs=&#8221;all&#8221; collapsed=&#8221;off&#8221;][et_pb_column type=&#8221;1_2&#8243; _builder_version=&#8221;4.9.4&#8243; _module_preset=&#8221;default&#8221;][et_pb_image src=&#8221;https:\/\/www.esig.org\/newsletters\/wp-content\/uploads\/2021\/05\/round.svg&#8221; alt=&#8221;White Round&#8221; title_text=&#8221;White Round&#8221; url=&#8221;@ET-DC@eyJkeW5hbWljIjp0cnVlLCJjb250ZW50IjoicG9zdF9saW5rX3VybF9wYWdlIiwic2V0dGluZ3MiOnsicG9zdF9pZCI6IjIwMzIifX0=@&#8221; admin_label=&#8221;Link To Previous Page&#8221; _builder_version=&#8221;4.9.4&#8243; _dynamic_attributes=&#8221;url&#8221; _module_preset=&#8221;default&#8221; positioning=&#8221;absolute&#8221; vertical_offset=&#8221;10px&#8221; width=&#8221;46px&#8221; height=&#8221;46px&#8221;][\/et_pb_image][et_pb_image src=&#8221;https:\/\/www.esig.org\/newsletters\/wp-content\/uploads\/2021\/05\/arrow-left.svg&#8221; alt=&#8221;Arrow Left&#8221; title_text=&#8221;Arrow Left&#8221; admin_label=&#8221;Arrow Left&#8221; _builder_version=&#8221;4.9.4&#8243; _module_preset=&#8221;default&#8221; positioning=&#8221;absolute&#8221; vertical_offset=&#8221;10px&#8221; horizontal_offset=&#8221;10px&#8221; width=&#8221;23px&#8221; height=&#8221;46px&#8221; custom_css_main_element=&#8221;pointer-events: none;&#8221;][\/et_pb_image][\/et_pb_column][et_pb_column type=&#8221;1_2&#8243; _builder_version=&#8221;4.9.4&#8243; _module_preset=&#8221;default&#8221;][et_pb_image src=&#8221;https:\/\/www.esig.org\/newsletters\/wp-content\/uploads\/2021\/05\/round.svg&#8221; alt=&#8221;White Round&#8221; title_text=&#8221;White Round&#8221; url=&#8221;@ET-DC@eyJkeW5hbWljIjp0cnVlLCJjb250ZW50IjoicG9zdF9saW5rX3VybF9wYWdlIiwic2V0dGluZ3MiOnsicG9zdF9pZCI6IjIxMjMifX0=@&#8221; admin_label=&#8221;Link To Next Page&#8221; _builder_version=&#8221;4.9.4&#8243; _dynamic_attributes=&#8221;url&#8221; _module_preset=&#8221;default&#8221; positioning=&#8221;absolute&#8221; position_origin_a=&#8221;top_right&#8221; vertical_offset=&#8221;10px&#8221; width=&#8221;46px&#8221; height=&#8221;46px&#8221;][\/et_pb_image][et_pb_image src=&#8221;https:\/\/www.esig.org\/newsletters\/wp-content\/uploads\/2021\/05\/arrow-right.svg&#8221; alt=&#8221;Arrow Right&#8221; title_text=&#8221;Arrow Right&#8221; admin_label=&#8221;Arrow Right&#8221; _builder_version=&#8221;4.9.4&#8243; _module_preset=&#8221;default&#8221; positioning=&#8221;absolute&#8221; position_origin_a=&#8221;top_right&#8221; vertical_offset=&#8221;10px&#8221; horizontal_offset=&#8221;10px&#8221; width=&#8221;23px&#8221; height=&#8221;46px&#8221; custom_css_main_element=&#8221;pointer-events: none;&#8221;][\/et_pb_image][\/et_pb_column][\/et_pb_row][et_pb_row use_custom_gutter=&#8221;on&#8221; gutter_width=&#8221;1&#8243; make_equal=&#8221;on&#8221; custom_padding_last_edited=&#8221;on|phone&#8221; admin_label=&#8221;Header : Standard&#8221; _builder_version=&#8221;4.9.4&#8243; _module_preset=&#8221;default&#8221; background_enable_color=&#8221;off&#8221; use_background_color_gradient=&#8221;on&#8221; background_color_gradient_start=&#8221;rgba(0,0,0,0.4)&#8221; background_color_gradient_end=&#8221;rgba(0,0,0,0.4)&#8221; background_color_gradient_overlays_image=&#8221;on&#8221; background_image=&#8221;https:\/\/www.esig.org\/newsletters\/wp-content\/uploads\/2022\/06\/linkedin.jpg&#8221; width=&#8221;100%&#8221; module_alignment=&#8221;center&#8221; min_height=&#8221;60vh&#8221; min_height_tablet=&#8221;70vh&#8221; min_height_phone=&#8221;70vh&#8221; min_height_last_edited=&#8221;on|phone&#8221; custom_padding=&#8221;0px|30px|0px|30px|false|true&#8221; custom_padding_tablet=&#8221;||||false|true&#8221; custom_padding_phone=&#8221;&#8221; module_alignment_last_edited=&#8221;off|desktop&#8221; custom_css_main_element=&#8221;display:flex;||flex-direction: column;||justify-content: center;||align-items: center;&#8221;][et_pb_column type=&#8221;4_4&#8243; _builder_version=&#8221;4.9.4&#8243; _module_preset=&#8221;default&#8221; background_color=&#8221;RGBA(0,0,0,0)&#8221; custom_padding=&#8221;||||false|false&#8221;][et_pb_text admin_label=&#8221;Big Title&#8221; _builder_version=&#8221;4.9.4&#8243; _module_preset=&#8221;default&#8221; text_letter_spacing=&#8221;1px&#8221; header_font=&#8221;Dosis|700|||||||&#8221; header_text_align=&#8221;center&#8221; header_font_size=&#8221;80px&#8221; background_enable_color=&#8221;off&#8221; width=&#8221;70%&#8221; width_tablet=&#8221;90%&#8221; width_phone=&#8221;90%&#8221; width_last_edited=&#8221;on|phone&#8221; module_alignment=&#8221;center&#8221; custom_margin=&#8221;||||false|false&#8221; custom_margin_tablet=&#8221;||||false|false&#8221; custom_margin_phone=&#8221;120px||||false|false&#8221; custom_margin_last_edited=&#8221;on|desktop&#8221; custom_padding=&#8221;||||false|false&#8221; animation_style=&#8221;slide&#8221; animation_direction=&#8221;top&#8221; animation_intensity_slide=&#8221;20%&#8221; header_font_size_tablet=&#8221;60px&#8221; header_font_size_phone=&#8221;30px&#8221; header_font_size_last_edited=&#8221;on|phone&#8221;]<\/p>\n<h1>ESIG CHATTER<\/h1>\n<p>[\/et_pb_text][et_pb_image src=&#8221;https:\/\/www.esig.org\/newsletters\/wp-content\/uploads\/2021\/05\/arrow-down.png&#8221; title_text=&#8221;arrow-down&#8221; url=&#8221;#dss-content&#8221; align=&#8221;center&#8221; admin_label=&#8221;Arrow Down&#8221; module_id=&#8221;arrowDown&#8221; _builder_version=&#8221;4.9.4&#8243; _module_preset=&#8221;default&#8221; transform_scale_tablet=&#8221;70%|70%&#8221; transform_scale_phone=&#8221;50%|50%&#8221; transform_scale_last_edited=&#8221;on|phone&#8221; transform_translate_tablet=&#8221;&#8221; transform_translate_phone=&#8221;&#8221; transform_translate_last_edited=&#8221;on|desktop&#8221; transform_rotate_tablet=&#8221;&#8221; transform_rotate_phone=&#8221;&#8221; transform_rotate_last_edited=&#8221;on|desktop&#8221; transform_skew_tablet=&#8221;&#8221; transform_skew_phone=&#8221;&#8221; transform_skew_last_edited=&#8221;on|desktop&#8221; transform_origin=&#8221;50%|0%&#8221; transform_origin_tablet=&#8221;&#8221; transform_origin_phone=&#8221;&#8221; transform_origin_last_edited=&#8221;on|phone&#8221; transform_styles_last_edited=&#8221;on|phone&#8221; width=&#8221;125px&#8221; width_tablet=&#8221;&#8221; width_phone=&#8221;&#8221; width_last_edited=&#8221;on|phone&#8221; custom_padding=&#8221;||||false|false&#8221; custom_padding_tablet=&#8221;&#8221; custom_padding_phone=&#8221;0px||||false|false&#8221; custom_padding_last_edited=&#8221;on|phone&#8221; animation_style=&#8221;slide&#8221; animation_direction=&#8221;top&#8221; animation_delay=&#8221;400ms&#8221; animation_intensity_slide=&#8221;10%&#8221; transform_styles_tablet=&#8221;&#8221; transform_styles_phone=&#8221;&#8221;][\/et_pb_image][\/et_pb_column][\/et_pb_row][et_pb_row column_structure=&#8221;1_2,1_2&#8243; use_custom_gutter=&#8221;on&#8221; gutter_width=&#8221;2&#8243; make_equal=&#8221;on&#8221; custom_padding_last_edited=&#8221;on|phone&#8221; admin_label=&#8221;Body : Standard&#8221; module_id=&#8221;sectionBody&#8221; _builder_version=&#8221;4.9.4&#8243; _module_preset=&#8221;default&#8221; width=&#8221;100%&#8221; max_width=&#8221;1480px&#8221; module_alignment=&#8221;center&#8221; overflow-x=&#8221;hidden&#8221; overflow-y=&#8221;hidden&#8221; custom_padding=&#8221;60px|20px|60px|20px|false|true&#8221; custom_padding_tablet=&#8221;60px|50px||50px|false|true&#8221; custom_padding_phone=&#8221;|30px||30px|false|true&#8221; animation_style=&#8221;slide&#8221; animation_direction=&#8221;bottom&#8221; animation_intensity_slide=&#8221;10%&#8221; border_color_bottom=&#8221;rgba(0,0,0,0.2)&#8221;][et_pb_column type=&#8221;1_2&#8243; _builder_version=&#8221;4.9.4&#8243; _module_preset=&#8221;default&#8221;][et_pb_image src=&#8221;https:\/\/www.esig.org\/newsletters\/wp-content\/uploads\/2022\/06\/ESIG-LinkedIn.jpg&#8221; alt=&#8221;Meeting&#8221; title_text=&#8221;ESIG LinkedIn&#8221; url=&#8221;https:\/\/www.linkedin.com\/company\/european-solvents-industry-group&#8221; force_fullwidth=&#8221;on&#8221; _builder_version=&#8221;4.9.4&#8243; _module_preset=&#8221;default&#8221; position_origin_a=&#8221;bottom_left&#8221; position_origin_a_last_edited=&#8221;off|desktop&#8221; position_origin_f_last_edited=&#8221;off|desktop&#8221; position_origin_r_last_edited=&#8221;off|desktop&#8221; custom_margin=&#8221;||30px||false|false&#8221; custom_margin_tablet=&#8221;||8px||false|false&#8221; custom_margin_last_edited=&#8221;off|desktop&#8221; positioning_tablet=&#8221;none&#8221; positioning_last_edited=&#8221;off|desktop&#8221; border_color_bottom=&#8221;rgba(0,0,0,0.16)&#8221; box_shadow_style=&#8221;preset1&#8243; box_shadow_vertical=&#8221;0px&#8221; box_shadow_blur=&#8221;80px&#8221; box_shadow_spread=&#8221;-23px&#8221;][\/et_pb_image][\/et_pb_column][et_pb_column type=&#8221;1_2&#8243; _builder_version=&#8221;4.9.4&#8243; _module_preset=&#8221;default&#8221; custom_padding_tablet=&#8221;|25px||25px|false|true&#8221; custom_padding_last_edited=&#8221;off|phone&#8221; custom_css_main_element=&#8221;display:flex;||flex-direction: column;||align-items:flex-start;||justify-content: center;&#8221;][et_pb_text _builder_version=&#8221;4.9.4&#8243; _module_preset=&#8221;default&#8221; header_2_font=&#8221;|700|||||||&#8221; header_2_text_color=&#8221;#412E68&#8243;]<\/p>\n<h2>Did you know?<\/h2>\n<p>[\/et_pb_text][et_pb_text admin_label=&#8221;Text&#8221; _builder_version=&#8221;4.9.4&#8243; _module_preset=&#8221;default&#8221; text_line_height=&#8221;1.9em&#8221; width=&#8221;100%&#8221; width_tablet=&#8221;100%&#8221; width_last_edited=&#8221;off|desktop&#8221; module_alignment=&#8221;left&#8221;]<\/p>\n<p>Since March 2022, ESIG has its own LinkedIn page to keep you up to date with the latest solvents\u2019 news and share some highlights of our daily work.\u00a0<span style=\"color: #b4d333;\"><\/span><\/p>\n<p>&nbsp;<\/p>\n<p>[\/et_pb_text][et_pb_button button_url=&#8221;https:\/\/www.linkedin.com\/company\/european-solvents-industry-group\/&#8221; url_new_window=&#8221;on&#8221; button_text=&#8221;Follow us on linkedin&#8221; button_alignment=&#8221;left&#8221; admin_label=&#8221;Call To Action Purple&#8221; _builder_version=&#8221;4.9.4&#8243; _module_preset=&#8221;default&#8221; custom_button=&#8221;on&#8221; button_text_size=&#8221;18px&#8221; button_text_color=&#8221;#FFFFFF&#8221; button_bg_color=&#8221;#412E68&#8243; button_border_width=&#8221;0px&#8221; button_border_radius=&#8221;40px&#8221; button_letter_spacing=&#8221;1px&#8221; button_font=&#8221;|700||on|||||&#8221; button_icon=&#8221;%%324%%&#8221; button_icon_placement=&#8221;left&#8221; button_on_hover=&#8221;off&#8221; custom_margin=&#8221;||||false|false&#8221; custom_margin_tablet=&#8221;|||10%|false|false&#8221; custom_margin_phone=&#8221;|||7%|false|false&#8221; custom_margin_last_edited=&#8221;off|phone&#8221; custom_padding=&#8221;10px|17px|9px|40px|false|false&#8221; button_text_size_tablet=&#8221;17px&#8221; button_text_size_phone=&#8221;16px&#8221; button_text_size_last_edited=&#8221;on|phone&#8221;][\/et_pb_button][\/et_pb_column][\/et_pb_row][et_pb_row use_custom_gutter=&#8221;on&#8221; gutter_width=&#8221;2&#8243; make_equal=&#8221;on&#8221; custom_padding_last_edited=&#8221;on|phone&#8221; module_id=&#8221;sectionBody&#8221; _builder_version=&#8221;4.9.4&#8243; _module_preset=&#8221;default&#8221; width=&#8221;100%&#8221; max_width=&#8221;1480px&#8221; module_alignment=&#8221;center&#8221; overflow-x=&#8221;hidden&#8221; overflow-y=&#8221;hidden&#8221; custom_padding=&#8221;60px|20px|60px|20px|false|true&#8221; custom_padding_tablet=&#8221;60px|50px||50px|false|true&#8221; custom_padding_phone=&#8221;|30px||30px|false|true&#8221; animation_style=&#8221;slide&#8221; animation_direction=&#8221;bottom&#8221; animation_intensity_slide=&#8221;10%&#8221;][et_pb_column type=&#8221;4_4&#8243; _builder_version=&#8221;4.9.4&#8243; _module_preset=&#8221;default&#8221;][et_pb_text _builder_version=&#8221;4.9.4&#8243; _module_preset=&#8221;default&#8221; header_2_font=&#8221;|700|||||||&#8221; header_2_text_align=&#8221;center&#8221; header_2_text_color=&#8221;#412E68&#8243; header_2_font_size_tablet=&#8221;24px&#8221; header_2_font_size_phone=&#8221;22px&#8221; header_2_font_size_last_edited=&#8221;on|phone&#8221;]<\/p>\n<h2>Staff changes<\/h2>\n<p>[\/et_pb_text][\/et_pb_column][\/et_pb_row][et_pb_row column_structure=&#8221;1_2,1_2&#8243; use_custom_gutter=&#8221;on&#8221; gutter_width=&#8221;2&#8243; make_equal=&#8221;on&#8221; custom_padding_last_edited=&#8221;on|phone&#8221; admin_label=&#8221;Body : Standard&#8221; module_id=&#8221;sectionBody&#8221; module_class=&#8221;reverse&#8221; _builder_version=&#8221;4.9.4&#8243; _module_preset=&#8221;default&#8221; width=&#8221;100%&#8221; max_width=&#8221;1480px&#8221; module_alignment=&#8221;center&#8221; overflow-x=&#8221;hidden&#8221; overflow-y=&#8221;hidden&#8221; custom_padding=&#8221;60px|20px|60px|20px|false|true&#8221; custom_padding_tablet=&#8221;60px|50px||50px|false|true&#8221; custom_padding_phone=&#8221;|30px||30px|false|true&#8221; animation_style=&#8221;slide&#8221; animation_direction=&#8221;bottom&#8221; animation_intensity_slide=&#8221;10%&#8221; border_width_bottom=&#8221;1px&#8221; border_color_bottom=&#8221;rgba(0,0,0,0.2)&#8221;][et_pb_column type=&#8221;1_2&#8243; _builder_version=&#8221;4.9.4&#8243; _module_preset=&#8221;default&#8221; custom_padding_tablet=&#8221;|25px||25px|false|true&#8221; custom_padding_last_edited=&#8221;off|phone&#8221; custom_css_main_element=&#8221;display:flex;||flex-direction: column;||align-items:flex-start;||justify-content: center;&#8221;][et_pb_text _builder_version=&#8221;4.9.4&#8243; _module_preset=&#8221;default&#8221; header_2_font=&#8221;|700|||||||&#8221; header_2_text_color=&#8221;#412E68&#8243;]<\/p>\n<h2>V\u00e9ronique Schoune<\/h2>\n<p>[\/et_pb_text][et_pb_text admin_label=&#8221;Text&#8221; _builder_version=&#8221;4.9.4&#8243; _module_preset=&#8221;default&#8221; text_line_height=&#8221;1.9em&#8221; width=&#8221;100%&#8221; width_tablet=&#8221;100%&#8221; width_last_edited=&#8221;off|desktop&#8221; module_alignment=&#8221;left&#8221;]<\/p>\n<p>We warmly thank V\u00e9ronique for her great work over the 12 last years with ESIG, as V\u00e9ronique moved to another position in Cefic in April.<\/p>\n<p>[\/et_pb_text][\/et_pb_column][et_pb_column type=&#8221;1_2&#8243; _builder_version=&#8221;4.9.4&#8243; _module_preset=&#8221;default&#8221;][et_pb_image src=&#8221;https:\/\/www.esig.org\/newsletters\/wp-content\/uploads\/2022\/06\/Veronique-Schoune.jpg&#8221; alt=&#8221;Meeting&#8221; title_text=&#8221;Veronique-Schoune&#8221; force_fullwidth=&#8221;on&#8221; _builder_version=&#8221;4.9.4&#8243; _module_preset=&#8221;default&#8221; position_origin_a=&#8221;bottom_left&#8221; position_origin_a_last_edited=&#8221;off|desktop&#8221; position_origin_f_last_edited=&#8221;off|desktop&#8221; position_origin_r_last_edited=&#8221;off|desktop&#8221; custom_margin=&#8221;||30px||false|false&#8221; custom_margin_tablet=&#8221;||8px||false|false&#8221; custom_margin_last_edited=&#8221;off|desktop&#8221; positioning_tablet=&#8221;none&#8221; positioning_last_edited=&#8221;off|desktop&#8221; border_width_all=&#8221;1px&#8221; border_color_all=&#8221;rgba(0,0,0,0.2)&#8221; border_color_bottom=&#8221;rgba(0,0,0,0.16)&#8221;][\/et_pb_image][\/et_pb_column][\/et_pb_row][et_pb_row column_structure=&#8221;1_2,1_2&#8243; use_custom_gutter=&#8221;on&#8221; gutter_width=&#8221;2&#8243; make_equal=&#8221;on&#8221; custom_padding_last_edited=&#8221;on|phone&#8221; admin_label=&#8221;Body : Standard&#8221; module_id=&#8221;sectionBody&#8221; module_class=&#8221;reverse&#8221; _builder_version=&#8221;4.9.4&#8243; _module_preset=&#8221;default&#8221; width=&#8221;100%&#8221; max_width=&#8221;1480px&#8221; module_alignment=&#8221;center&#8221; overflow-x=&#8221;hidden&#8221; overflow-y=&#8221;hidden&#8221; custom_padding=&#8221;60px|20px|60px|20px|false|true&#8221; custom_padding_tablet=&#8221;60px|50px||50px|false|true&#8221; custom_padding_phone=&#8221;|30px||30px|false|true&#8221; animation_style=&#8221;slide&#8221; animation_direction=&#8221;bottom&#8221; animation_intensity_slide=&#8221;10%&#8221; border_width_bottom=&#8221;1px&#8221; border_color_bottom=&#8221;rgba(0,0,0,0.2)&#8221;][et_pb_column type=&#8221;1_2&#8243; _builder_version=&#8221;4.9.4&#8243; _module_preset=&#8221;default&#8221;][et_pb_image src=&#8221;https:\/\/www.esig.org\/newsletters\/wp-content\/uploads\/2022\/06\/Colbach-Helene.jpg&#8221; alt=&#8221;Meeting&#8221; title_text=&#8221;Colbach-Helene&#8221; force_fullwidth=&#8221;on&#8221; _builder_version=&#8221;4.9.4&#8243; _module_preset=&#8221;default&#8221; position_origin_a=&#8221;bottom_left&#8221; position_origin_a_last_edited=&#8221;off|desktop&#8221; position_origin_f_last_edited=&#8221;off|desktop&#8221; position_origin_r_last_edited=&#8221;off|desktop&#8221; custom_margin=&#8221;||30px||false|false&#8221; custom_margin_tablet=&#8221;||8px||false|false&#8221; custom_margin_last_edited=&#8221;off|desktop&#8221; positioning_tablet=&#8221;none&#8221; positioning_last_edited=&#8221;off|desktop&#8221; border_width_all=&#8221;1px&#8221; border_color_all=&#8221;rgba(0,0,0,0.2)&#8221; border_color_bottom=&#8221;rgba(0,0,0,0.16)&#8221;][\/et_pb_image][\/et_pb_column][et_pb_column type=&#8221;1_2&#8243; _builder_version=&#8221;4.9.4&#8243; _module_preset=&#8221;default&#8221; custom_padding_tablet=&#8221;|25px||25px|false|true&#8221; custom_padding_last_edited=&#8221;off|phone&#8221; custom_css_main_element=&#8221;display:flex;||flex-direction: column;||align-items:flex-start;||justify-content: center;&#8221;][et_pb_text _builder_version=&#8221;4.9.4&#8243; _module_preset=&#8221;default&#8221; header_2_font=&#8221;|700|||||||&#8221; header_2_text_color=&#8221;#412E68&#8243; link_option_url=&#8221;https:\/\/www.linkedin.com\/in\/helenecolbach1512\/&#8221;]<\/p>\n<h2>H\u00e9l\u00e8ne Colbach<\/h2>\n<p>[\/et_pb_text][et_pb_text admin_label=&#8221;Text&#8221; _builder_version=&#8221;4.9.4&#8243; _module_preset=&#8221;default&#8221; text_line_height=&#8221;1.9em&#8221; width=&#8221;100%&#8221; width_tablet=&#8221;100%&#8221; width_last_edited=&#8221;off|desktop&#8221; module_alignment=&#8221;left&#8221; custom_padding_tablet=&#8221;||40px||false|false&#8221; custom_padding_phone=&#8221;&#8221; custom_padding_last_edited=&#8221;on|phone&#8221;]<\/p>\n<p>In April, H\u00e9l\u00e8ne joined us as new assistant and is already swimming like a fish in water! H\u00e9l\u00e8ne brings over 30 years of experience in administrative roles in trade associations.<\/p>\n<p>She describes herself as a \u201cPPT &#8211; Permanent Positive Thinker\u201d and always looks to find the best solutions!<\/p>\n<p>[\/et_pb_text][\/et_pb_column][\/et_pb_row][et_pb_row column_structure=&#8221;1_2,1_2&#8243; use_custom_gutter=&#8221;on&#8221; gutter_width=&#8221;2&#8243; make_equal=&#8221;on&#8221; custom_padding_last_edited=&#8221;on|phone&#8221; admin_label=&#8221;Body : Standard&#8221; module_id=&#8221;sectionBody&#8221; module_class=&#8221;reverse&#8221; _builder_version=&#8221;4.9.4&#8243; _module_preset=&#8221;default&#8221; width=&#8221;100%&#8221; max_width=&#8221;1480px&#8221; module_alignment=&#8221;center&#8221; overflow-x=&#8221;hidden&#8221; overflow-y=&#8221;hidden&#8221; custom_padding=&#8221;60px|20px|60px|20px|false|true&#8221; custom_padding_tablet=&#8221;60px|50px||50px|false|true&#8221; custom_padding_phone=&#8221;|30px||30px|false|true&#8221; animation_style=&#8221;slide&#8221; animation_direction=&#8221;bottom&#8221; animation_intensity_slide=&#8221;10%&#8221; border_color_bottom=&#8221;rgba(0,0,0,0.2)&#8221;][et_pb_column type=&#8221;1_2&#8243; _builder_version=&#8221;4.9.4&#8243; _module_preset=&#8221;default&#8221; custom_padding_tablet=&#8221;|25px||25px|false|true&#8221; custom_padding_last_edited=&#8221;off|phone&#8221; custom_css_main_element=&#8221;display:flex;||flex-direction: column;||align-items:flex-start;||justify-content: center;&#8221;][et_pb_text _builder_version=&#8221;4.9.4&#8243; _module_preset=&#8221;default&#8221; header_2_font=&#8221;|700|||||||&#8221; header_2_text_color=&#8221;#412E68&#8243; link_option_url=&#8221;https:\/\/www.linkedin.com\/in\/angelinasterlina\/&#8221;]<\/p>\n<h2>Angelina Sterlina<\/h2>\n<p>[\/et_pb_text][et_pb_text admin_label=&#8221;Text&#8221; _builder_version=&#8221;4.9.4&#8243; _module_preset=&#8221;default&#8221; text_line_height=&#8221;1.9em&#8221; width=&#8221;100%&#8221; width_tablet=&#8221;100%&#8221; width_last_edited=&#8221;off|desktop&#8221; module_alignment=&#8221;left&#8221;]<\/p>\n<p>In February, Angelina was appointed as the new Communication Manager to Petrochemicals Europe, and since then, she has supported all ESIG communication activities.<\/p>\n<p>Angelina is, however, not new to Cefic, as she has already worked in Cefic\u2019s Public Affairs and Sustainability departments for the past three years.<\/p>\n<p>Angelina is passionate about writing but also visual communication and graphic design.<\/p>\n<p>[\/et_pb_text][\/et_pb_column][et_pb_column type=&#8221;1_2&#8243; _builder_version=&#8221;4.9.4&#8243; _module_preset=&#8221;default&#8221;][et_pb_image src=&#8221;https:\/\/www.esig.org\/newsletters\/wp-content\/uploads\/2022\/06\/Angelina-Sterlina.jpg&#8221; alt=&#8221;Meeting&#8221; title_text=&#8221;Angelina-Sterlina&#8221; force_fullwidth=&#8221;on&#8221; _builder_version=&#8221;4.9.4&#8243; _module_preset=&#8221;default&#8221; position_origin_a=&#8221;bottom_left&#8221; position_origin_a_last_edited=&#8221;off|desktop&#8221; position_origin_f_last_edited=&#8221;off|desktop&#8221; position_origin_r_last_edited=&#8221;off|desktop&#8221; custom_margin=&#8221;||30px||false|false&#8221; custom_margin_tablet=&#8221;||8px||false|false&#8221; custom_margin_last_edited=&#8221;off|desktop&#8221; positioning_tablet=&#8221;none&#8221; positioning_last_edited=&#8221;off|desktop&#8221; border_width_all=&#8221;1px&#8221; border_color_all=&#8221;rgba(0,0,0,0.2)&#8221; border_color_bottom=&#8221;rgba(0,0,0,0.16)&#8221;][\/et_pb_image][\/et_pb_column][\/et_pb_row][\/et_pb_section]<\/p>\n","protected":false},"excerpt":{"rendered":"<p>ESIG CHATTERDid you know?Since March 2022, ESIG has its own LinkedIn page to keep you up to date with the latest solvents\u2019 news and share some highlights of our daily work.\u00a0 &nbsp;Staff changesV\u00e9ronique SchouneWe warmly thank V\u00e9ronique for her great work over the 12 last years with ESIG, as V\u00e9ronique moved to another position in [&hellip;]<\/p>\n","protected":false},"author":1,"featured_media":1067,"parent":2026,"menu_order":3,"comment_status":"closed","ping_status":"closed","template":"","meta":{"_et_pb_use_builder":"on","_et_pb_old_content":"<!-- wp:divi\/placeholder \/-->","_et_gb_content_width":"","footnotes":""},"folder":[37],"class_list":["post-2080","page","type-page","status-publish","has-post-thumbnail","hentry"],"_links":{"self":[{"href":"https:\/\/www.esig.org\/newsletters\/wp-json\/wp\/v2\/pages\/2080","targetHints":{"allow":["GET"]}}],"collection":[{"href":"https:\/\/www.esig.org\/newsletters\/wp-json\/wp\/v2\/pages"}],"about":[{"href":"https:\/\/www.esig.org\/newsletters\/wp-json\/wp\/v2\/types\/page"}],"author":[{"embeddable":true,"href":"https:\/\/www.esig.org\/newsletters\/wp-json\/wp\/v2\/users\/1"}],"replies":[{"embeddable":true,"href":"https:\/\/www.esig.org\/newsletters\/wp-json\/wp\/v2\/comments?post=2080"}],"version-history":[{"count":26,"href":"https:\/\/www.esig.org\/newsletters\/wp-json\/wp\/v2\/pages\/2080\/revisions"}],"predecessor-version":[{"id":2385,"href":"https:\/\/www.esig.org\/newsletters\/wp-json\/wp\/v2\/pages\/2080\/revisions\/2385"}],"up":[{"embeddable":true,"href":"https:\/\/www.esig.org\/newsletters\/wp-json\/wp\/v2\/pages\/2026"}],"wp:featuredmedia":[{"embeddable":true,"href":"https:\/\/www.esig.org\/newsletters\/wp-json\/wp\/v2\/media\/1067"}],"wp:attachment":[{"href":"https:\/\/www.esig.org\/newsletters\/wp-json\/wp\/v2\/media?parent=2080"}],"wp:term":[{"taxonomy":"folder","embeddable":true,"href":"https:\/\/www.esig.org\/newsletters\/wp-json\/wp\/v2\/folder?post=2080"}],"curies":[{"name":"wp","href":"https:\/\/api.w.org\/{rel}","templated":true}]}}